{"id":450,"date":"2021-04-14T14:30:30","date_gmt":"2021-04-14T14:30:30","guid":{"rendered":"http:\/\/how-logistics.de\/?page_id=450"},"modified":"2021-04-14T14:32:21","modified_gmt":"2021-04-14T14:32:21","slug":"das-werte-und-entwicklungs-quadrat-in-der-logistik","status":"publish","type":"page","link":"https:\/\/how-logistics.de\/?page_id=450","title":{"rendered":"Das Werte- und Entwicklungs-Quadrat in der Logistik"},"content":{"rendered":"\n<p>Was hat eine Coaching-Methode wie das Werte- und Entwicklungs-Quadrat mit Logistik zu tun?<\/p>\n\n\n\n<p>Eigentlich nichts. Die Methode soll lediglich aufzeigen, wie wichtig es ist, ein Projekt richtig aufzusetzen und sich von Anfang an Gedanken dar\u00fcber zu machen, was das Ziel sein soll, wie man dort hinkommen m\u00f6chte, welche Parameter noch ber\u00fccksichtigt werden sollten und so weiter.<\/p>\n\n\n\n<p>Die Methode soll aufzeigen, dass \u201eblinder\u201c Aktionismus h\u00e4ufig in die falsche Richtung f\u00fchrt.<\/p>\n\n\n\n<p>Zun\u00e4chst mal eine Definition, was ein Werte- und Entwicklungs-Quadrat ist:<\/p>\n\n\n\n<p>Das Werte- und Entwicklungs-Quadrat (WE-Quadrat) eignet sich gut, um Ressourcen und Entwicklungsrichtungen zu bestimmen, aus \u201egef\u00fchlten\u201c Schw\u00e4chen die St\u00e4rken aufzuzeigen und gleichzeitig die Richtung der pers\u00f6nlichen (Weiter-)Entwicklung zu bestimmen. Ebenso zeigen sich f\u00fcr die St\u00e4rken in der \u00dcbertreibung auch die Schwachpunkte auf.<\/p>\n\n\n\n<p>Zum Einsatz kommt das WE-Quadrat also immer dann, wenn sich ein Coachee mit seinen Werten auseinandersetzt, um zu bestimmen, was ihm wichtig ist im Leben, und Verst\u00e4ndnis f\u00fcr das eigene Verhalten zu entwickeln und eine Entwicklungsrichtung aufzuzeigen.<\/p>\n\n\n\n<p>Im folgenden Beispiel ist die Methode dargestellt:<\/p>\n\n\n\n<figure class=\"wp-block-gallery columns-1 is-cropped\"><ul class=\"blocks-gallery-grid\"><li class=\"blocks-gallery-item\"><figure><img loading=\"lazy\" width=\"1024\" height=\"558\" src=\"https:\/\/how-logistics.de\/wp-content\/uploads\/2021\/04\/WE-Quadrat_Coaching-1024x558.jpg\" alt=\"\" data-id=\"451\" data-full-url=\"https:\/\/how-logistics.de\/wp-content\/uploads\/2021\/04\/WE-Quadrat_Coaching.jpg\" data-link=\"https:\/\/how-logistics.de\/?attachment_id=451\" class=\"wp-image-451\" srcset=\"https:\/\/how-logistics.de\/wp-content\/uploads\/2021\/04\/WE-Quadrat_Coaching-1024x558.jpg 1024w, https:\/\/how-logistics.de\/wp-content\/uploads\/2021\/04\/WE-Quadrat_Coaching-300x164.jpg 300w, https:\/\/how-logistics.de\/wp-content\/uploads\/2021\/04\/WE-Quadrat_Coaching-768x419.jpg 768w, https:\/\/how-logistics.de\/wp-content\/uploads\/2021\/04\/WE-Quadrat_Coaching.jpg 1359w\" sizes=\"(max-width: 1024px) 100vw, 1024px\" \/><\/figure><\/li><\/ul><\/figure>\n\n\n\n<p>Nach der Definition stellt sich wieder die Frage: Was hat das mit Logistik oder mit technischen Zusammenh\u00e4ngen zu tun?<\/p>\n\n\n\n<p>In der Konzeption und Ideenfindung von neuen Technikans\u00e4tzen kann das WE-Quadrat eine erste Unterst\u00fctzung im Prozess darstellen. Es soll den Weg aufzeigen, der zu gehen ist, um ans Ziel zu gelangen. Und es soll aufzeigen, was passieren kann, wenn bestimmte Prozessschritte im Projektmanagement nicht eingehalten werden. Es ist also ein Ansatz zu einem ganzheitlichen und werteorientierten Projektmanagement.<\/p>\n\n\n\n<p>Nehmen wir mal folgenden Fall an:<\/p>\n\n\n\n<p>Die Auftragslage ist stark angestiegen und die Auftr\u00e4ge k\u00f6nnen nicht mehr zeitgerecht abgearbeitet werden. Die Kommissionierleistung ist mit den vorhandenen Ressourcen nicht mehr skalierbar.<\/p>\n\n\n\n<p>Abhilfe soll eine neue Technik leisten, die der Chef letztens auf einer Messe gesehen hat. Jedoch keiner wei\u00df, ob diese Technik \u00fcberhaupt die richtige ist.<\/p>\n\n\n\n<p>Mit dem WE-Quadrat k\u00f6nnen wir nun deutlich machen, was passieren sollte und was passiert, wenn blinder Aktionismus Einzug erh\u00e4lt.<\/p>\n\n\n\n<figure class=\"wp-block-image size-large\"><img loading=\"lazy\" width=\"1024\" height=\"565\" src=\"https:\/\/how-logistics.de\/wp-content\/uploads\/2021\/04\/WE-Quadrat_technisch-1024x565.jpg\" alt=\"\" class=\"wp-image-452\" srcset=\"https:\/\/how-logistics.de\/wp-content\/uploads\/2021\/04\/WE-Quadrat_technisch-1024x565.jpg 1024w, https:\/\/how-logistics.de\/wp-content\/uploads\/2021\/04\/WE-Quadrat_technisch-300x166.jpg 300w, https:\/\/how-logistics.de\/wp-content\/uploads\/2021\/04\/WE-Quadrat_technisch-768x424.jpg 768w, https:\/\/how-logistics.de\/wp-content\/uploads\/2021\/04\/WE-Quadrat_technisch.jpg 1359w\" sizes=\"(max-width: 1024px) 100vw, 1024px\" \/><\/figure>\n\n\n\n<p>Gestartet wird bei 1.):<\/p>\n\n\n\n<p>Die derzeitige Leistung ist nicht mehr ausreichend, um die Kunden rechtzeitig zu bedienen.<\/p>\n\n\n\n<p>Eine kurzfristige L\u00f6sung k\u00f6nnte sein, mehr Personal einzusetzen, in die zweite oder dritte Schicht zu gehen oder mit einem minimalen Technikeinsatz die Leistung so weit zu erh\u00f6hen, dass das Leistungs-Niveau gerade so erreicht wird (Feld Nummer 2).<\/p>\n\n\n\n<p>Es wird aber schon deutlich, dass dieser Schritt nicht ausreichend und nicht zukunftsf\u00e4hig sein wird. F\u00fcr eine \u00dcberbr\u00fcckung der Situation kann dieser Schritt aber durchaus hilfreich und ausreichend sein.<\/p>\n\n\n\n<p>Nun kommt die neue Technik vom Chef ins Spiel. Die, wie er sagt, alles verbessern soll, und zwar f\u00fcr mindestens 10 Jahre.<\/p>\n\n\n\n<p>Wird diese Technik nun ohne weitere Analysen etc. eingesetzt, kann es sein, dass das Ziel (3.) erreicht wird, mit Pech wird aber \u00fcber das Ziel (4.) hinausgeschossen. Dann wurde ein Ferrari gekauft, obwohl nur ein Golf GTI ben\u00f6tigt wurde.<\/p>\n\n\n\n<p>Das hei\u00dft, der Fall (4.) sollte tunlichst vermieden werden.<\/p>\n\n\n\n<p>Was deutlich macht, dass eine Verbesserung entlang der Entwicklungsachse nur durch sinnvolle Analysen, exakten Definitionen von Anforderungen und gezieltes Recherchieren und \u00dcberpr\u00fcfen der Technik anhand der Analysen und Anforderungen erfolgen kann.<\/p>\n\n\n\n<p>Wenn man dann das Projekt noch ganzheitlich betrachtet, kommen weitere Faktoren dazu, die in die Konzeption der neuen Technik einflie\u00dfen sollten, wie z.B. Einfluss auf die Mitarbeiter, Einfluss auf Lieferanten und Kunden, Einfluss auf die Grunds\u00e4tze und Werte des Unternehmens usw.<\/p>\n\n\n\n<p><\/p>\n\n\n\n<p><strong>Das Fazit ist:<\/strong><\/p>\n\n\n\n<p>In vielen Projekten wird vorschnell entschieden, welche Technik zum Einsatz kommen sollte, in welcher Zeit ein Projekt abzuwickeln ist und wer an dem Projekt beteiligt sein muss. Dieses f\u00fchrt h\u00e4ufig in eine Sackgasse (Feld Nummer 4).<\/p>\n\n\n\n<p>Daher ist es enorm wichtig, vor Projektstart ein sinnvolles Projektmanagement aufzusetzen, dass die Prozesse ganzheitlich betrachtet. Durch genaues und gemeinsames Abw\u00e4gen und Ermitteln, ob eine neue Idee zum Unternehmen passt und wie diese neue Idee umgesetzt werden kann, k\u00f6nnen viele Hindernisse und Unw\u00e4gbarkeiten weit im Vorfeld verhindert und L\u00f6sungswege aufgezeigt werden.<\/p>\n\n\n\n<p>In einer Phase 0 des Projekts wird eine gemeinsame Basis und ein gemeinsames Verst\u00e4ndnis f\u00fcr das Projekt geschaffen.<\/p>\n\n\n\n<p class=\"has-text-color\" style=\"color:#0d3db6\"><strong><a href=\"https:\/\/calendly.com\/thomas-luehrs-termine\/15min?month=2021-04\">Jetzt ein kostenloses Erstgespr\u00e4ch vereinbaren<\/a><\/strong><\/p>\n","protected":false},"excerpt":{"rendered":"<p>Was hat eine Coaching-Methode wie das Werte- und Entwicklungs-Quadrat mit Logistik zu tun? Eigentlich nichts. Die Methode soll lediglich aufzeigen, wie wichtig es ist, ein Projekt richtig aufzusetzen und sich von Anfang an Gedanken dar\u00fcber zu machen, was das Ziel sein soll, wie man dort hinkommen m\u00f6chte, welche Parameter noch ber\u00fccksichtigt werden sollten und so [&hellip;]<\/p>\n","protected":false},"author":1,"featured_media":0,"parent":17,"menu_order":0,"comment_status":"closed","ping_status":"closed","template":"templates\/fullwidth.php","meta":[],"_links":{"self":[{"href":"https:\/\/how-logistics.de\/index.php?rest_route=\/wp\/v2\/pages\/450"}],"collection":[{"href":"https:\/\/how-logistics.de\/index.php?rest_route=\/wp\/v2\/pages"}],"about":[{"href":"https:\/\/how-logistics.de\/index.php?rest_route=\/wp\/v2\/types\/page"}],"author":[{"embeddable":true,"href":"https:\/\/how-logistics.de\/index.php?rest_route=\/wp\/v2\/users\/1"}],"replies":[{"embeddable":true,"href":"https:\/\/how-logistics.de\/index.php?rest_route=%2Fwp%2Fv2%2Fcomments&post=450"}],"version-history":[{"count":2,"href":"https:\/\/how-logistics.de\/index.php?rest_route=\/wp\/v2\/pages\/450\/revisions"}],"predecessor-version":[{"id":457,"href":"https:\/\/how-logistics.de\/index.php?rest_route=\/wp\/v2\/pages\/450\/revisions\/457"}],"up":[{"embeddable":true,"href":"https:\/\/how-logistics.de\/index.php?rest_route=\/wp\/v2\/pages\/17"}],"wp:attachment":[{"href":"https:\/\/how-logistics.de\/index.php?rest_route=%2Fwp%2Fv2%2Fmedia&parent=450"}],"curies":[{"name":"wp","href":"https:\/\/api.w.org\/{rel}","templated":true}]}}