{"id":296,"date":"2020-04-17T08:41:47","date_gmt":"2020-04-17T08:41:47","guid":{"rendered":"http:\/\/how-logistics.de\/?page_id=296"},"modified":"2020-04-17T08:49:53","modified_gmt":"2020-04-17T08:49:53","slug":"kontakt","status":"publish","type":"page","link":"https:\/\/how-logistics.de\/?page_id=296","title":{"rendered":"Kontakt"},"content":{"rendered":"\t\t<div data-elementor-type=\"wp-page\" data-elementor-id=\"296\" class=\"elementor elementor-296\" data-elementor-settings=\"[]\">\n\t\t\t\t\t\t<div class=\"elementor-inner\">\n\t\t\t\t\t\t\t<div class=\"elementor-section-wrap\">\n\t\t\t\t\t\t\t<section class=\"elementor-section elementor-top-section elementor-element elementor-element-bea5cac elementor-section-boxed elementor-section-height-default elementor-section-height-default\" data-id=\"bea5cac\" data-element_type=\"section\">\n\t\t\t\t\t\t<div class=\"elementor-container elementor-column-gap-default\">\n\t\t\t\t\t\t\t<div class=\"elementor-row\">\n\t\t\t\t\t<div class=\"elementor-column elementor-col-100 elementor-top-column elementor-element elementor-element-a623c1a\" data-id=\"a623c1a\" data-element_type=\"column\">\n\t\t\t<div class=\"elementor-column-wrap elementor-element-populated\">\n\t\t\t\t\t\t\t<div class=\"elementor-widget-wrap\">\n\t\t\t\t\t\t<div class=\"elementor-element elementor-element-82d4e6a elementor-widget elementor-widget-text-editor\" data-id=\"82d4e6a\" data-element_type=\"widget\" data-widget_type=\"text-editor.default\">\n\t\t\t\t<div class=\"elementor-widget-container\">\n\t\t\t\t\t<div class=\"elementor-text-editor elementor-clearfix\"><h1><span style=\"text-decoration: underline;\"><strong>Kontaktdaten:<\/strong><\/span><\/h1>\n\nAnfragen bitte per E-Mail an: <a href=\"mailto:thomas@how-logistics.de\" target=\"_blank\" rel=\"noopener\">thomas@how-logistics.de<\/a>\n\n<br><br>\n<h1><span style=\"text-decoration: underline;\"><strong>Terminvereinbarungen:<\/strong><\/span><\/h1>\n\n<br>Ein Erstgespr\u00e4ch hat bereits stattgefunden? Folgetermine k\u00f6nnen vereinbart werden?\n\nTermine k\u00f6nnen entweder \u00fcber die Kalender-Funktion (siehe unten) mit mir vereinbart werden oder direkt telefonisch 0162 \/ 432 40 35\n\n<section class=\"elementor-element elementor-element-82327d7 elementor-section-boxed elementor-section-height-default elementor-section-height-default elementor-section elementor-top-section\" data-id=\"82327d7\" data-element_type=\"section\"><\/section><\/div>\n\t\t\t\t<\/div>\n\t\t\t\t<\/div>\n\t\t\t\t\t\t<\/div>\n\t\t\t\t\t<\/div>\n\t\t<\/div>\n\t\t\t\t\t\t\t\t<\/div>\n\t\t\t\t\t<\/div>\n\t\t<\/section>\n\t\t\t\t<section class=\"elementor-section elementor-top-section elementor-element elementor-element-eee8823 elementor-section-boxed elementor-section-height-default elementor-section-height-default\" data-id=\"eee8823\" data-element_type=\"section\">\n\t\t\t\t\t\t<div class=\"elementor-container elementor-column-gap-default\">\n\t\t\t\t\t\t\t<div class=\"elementor-row\">\n\t\t\t\t\t<div class=\"elementor-column elementor-col-100 elementor-top-column elementor-element elementor-element-91792ce\" data-id=\"91792ce\" data-element_type=\"column\">\n\t\t\t<div class=\"elementor-column-wrap elementor-element-populated\">\n\t\t\t\t\t\t\t<div class=\"elementor-widget-wrap\">\n\t\t\t\t\t\t<div class=\"elementor-element elementor-element-4a1ce97 elementor-widget elementor-widget-html\" data-id=\"4a1ce97\" data-element_type=\"widget\" data-widget_type=\"html.default\">\n\t\t\t\t<div class=\"elementor-widget-container\">\n\t\t\t<!-- Calendly Inline-Widget Beginn -->\n<div class=\"calendly-inline-widget\" data-url=\"https:\/\/calendly.com\/thomas-luehrs-termine\/60min\" style=\"min-width:320px;height:630px;\"><\/div>\n<script type=\"text\/javascript\" src=\"https:\/\/assets.calendly.com\/assets\/external\/widget.js\"><\/script>\n<!-- Calendly Inline-Widget Ende -->\t\t<\/div>\n\t\t\t\t<\/div>\n\t\t\t\t\t\t<\/div>\n\t\t\t\t\t<\/div>\n\t\t<\/div>\n\t\t\t\t\t\t\t\t<\/div>\n\t\t\t\t\t<\/div>\n\t\t<\/section>\n\t\t\t\t\t\t<\/div>\n\t\t\t\t\t\t<\/div>\n\t\t\t\t\t<\/div>\n\t\t","protected":false},"excerpt":{"rendered":"<p>Kontaktdaten: Anfragen bitte per E-Mail an: thomas@how-logistics.de Terminvereinbarungen: Ein Erstgespr\u00e4ch hat bereits stattgefunden? Folgetermine k\u00f6nnen vereinbart werden? Termine k\u00f6nnen entweder \u00fcber die Kalender-Funktion (siehe unten) mit mir vereinbart werden oder direkt telefonisch 0162 \/ 432 40 35<\/p>\n","protected":false},"author":1,"featured_media":0,"parent":0,"menu_order":8,"comment_status":"closed","ping_status":"closed","template":"templates\/fullwidth.php","meta":[],"_links":{"self":[{"href":"https:\/\/how-logistics.de\/index.php?rest_route=\/wp\/v2\/pages\/296"}],"collection":[{"href":"https:\/\/how-logistics.de\/index.php?rest_route=\/wp\/v2\/pages"}],"about":[{"href":"https:\/\/how-logistics.de\/index.php?rest_route=\/wp\/v2\/types\/page"}],"author":[{"embeddable":true,"href":"https:\/\/how-logistics.de\/index.php?rest_route=\/wp\/v2\/users\/1"}],"replies":[{"embeddable":true,"href":"https:\/\/how-logistics.de\/index.php?rest_route=%2Fwp%2Fv2%2Fcomments&post=296"}],"version-history":[{"count":5,"href":"https:\/\/how-logistics.de\/index.php?rest_route=\/wp\/v2\/pages\/296\/revisions"}],"predecessor-version":[{"id":301,"href":"https:\/\/how-logistics.de\/index.php?rest_route=\/wp\/v2\/pages\/296\/revisions\/301"}],"wp:attachment":[{"href":"https:\/\/how-logistics.de\/index.php?rest_route=%2Fwp%2Fv2%2Fmedia&parent=296"}],"curies":[{"name":"wp","href":"https:\/\/api.w.org\/{rel}","templated":true}]}}