{"id":254,"date":"2020-04-09T15:27:55","date_gmt":"2020-04-09T15:27:55","guid":{"rendered":"http:\/\/how-logistics.de\/?page_id=254"},"modified":"2020-11-30T14:41:51","modified_gmt":"2020-11-30T14:41:51","slug":"trainings-workshops","status":"publish","type":"page","link":"https:\/\/how-logistics.de\/?page_id=254","title":{"rendered":"trainings &#038; workshops"},"content":{"rendered":"\t\t<div data-elementor-type=\"wp-page\" data-elementor-id=\"254\" class=\"elementor elementor-254\" data-elementor-settings=\"[]\">\n\t\t\t\t\t\t<div class=\"elementor-inner\">\n\t\t\t\t\t\t\t<div class=\"elementor-section-wrap\">\n\t\t\t\t\t\t\t<section class=\"elementor-section elementor-top-section elementor-element elementor-element-45a2ff75 elementor-section-boxed elementor-section-height-default elementor-section-height-default\" data-id=\"45a2ff75\" data-element_type=\"section\">\n\t\t\t\t\t\t<div class=\"elementor-container elementor-column-gap-default\">\n\t\t\t\t\t\t\t<div class=\"elementor-row\">\n\t\t\t\t\t<div class=\"elementor-column elementor-col-100 elementor-top-column elementor-element elementor-element-176a0865\" data-id=\"176a0865\" data-element_type=\"column\">\n\t\t\t<div class=\"elementor-column-wrap elementor-element-populated\">\n\t\t\t\t\t\t\t<div class=\"elementor-widget-wrap\">\n\t\t\t\t\t\t<div class=\"elementor-element elementor-element-43f88740 elementor-widget elementor-widget-text-editor\" data-id=\"43f88740\" data-element_type=\"widget\" data-widget_type=\"text-editor.default\">\n\t\t\t\t<div class=\"elementor-widget-container\">\n\t\t\t\t\t<div class=\"elementor-text-editor elementor-clearfix\"><!-- wp:paragraph -->\n<h3>Training und Mentoring:<\/h3>\n<!-- \/wp:paragraph --><!-- wp:paragraph -->\n<h6>Ihr neuer Mitarbeiter braucht Unterst\u00fctzung in Fragen zur Logistik?<\/h6>\n<h6>Sie kennen sich gut in Ihrem Tagesgesch\u00e4ft aus, aber f\u00fcr das neue Projekt w\u00fcrden Sie gerne jemanden von au\u00dfen zu Rate ziehen?\u00a0<\/h6>\n<h6>Durch eine gezielte und kontinuierliche thematische Begleitung im Projekt, quasi als Online-Training-On-The-Job, vermitteln wir nachhaltig Logistikwissen.<\/h6>\n<p>\u00a0<\/p>\n<h3>Unsere Workshop-Angebote:<\/h3>\n<h6>1. Von der Idee zum Konzept &#8211; Projektstart mit Phase 0<\/h6>\n<h6>2. Lagerorganisation <\/h6>\n<h6>3. Kennzahlen im Lager<\/h6>\n<h6>4. weitere folgen<\/h6>\n<h6>Unsere Workshops f\u00fchren wir sowohl Online (per Zoom, Teams, etc.) als auch Offline durch &#8211; je nach Themeninhalte und Umfang.<\/h6>\n<h6>\u00a0<\/h6>\n<h6>F\u00fcr eine gemeinsame Terminfindung schreiben Sie gerne eine E-Mail an\u00a0 <a href=\"mailto:thomas@how-logistics.de\" target=\"_blank\" rel=\"noopener\">thomas@how-logistics.de<\/a> oder vereinbaren direkt ein kostenloses Erstgespr\u00e4ch durch einen Klick auf den unten stehenden Button.<\/h6>\n<!-- \/wp:paragraph --><\/div>\n\t\t\t\t<\/div>\n\t\t\t\t<\/div>\n\t\t\t\t\t\t<\/div>\n\t\t\t\t\t<\/div>\n\t\t<\/div>\n\t\t\t\t\t\t\t\t<\/div>\n\t\t\t\t\t<\/div>\n\t\t<\/section>\n\t\t\t\t<section class=\"elementor-section elementor-top-section elementor-element elementor-element-0105698 elementor-section-boxed elementor-section-height-default elementor-section-height-default\" data-id=\"0105698\" data-element_type=\"section\">\n\t\t\t\t\t\t<div class=\"elementor-container elementor-column-gap-default\">\n\t\t\t\t\t\t\t<div class=\"elementor-row\">\n\t\t\t\t\t<div class=\"elementor-column elementor-col-100 elementor-top-column elementor-element elementor-element-7686018\" data-id=\"7686018\" data-element_type=\"column\">\n\t\t\t<div class=\"elementor-column-wrap elementor-element-populated\">\n\t\t\t\t\t\t\t<div class=\"elementor-widget-wrap\">\n\t\t\t\t\t\t<div class=\"elementor-element elementor-element-cf5265a elementor-widget elementor-widget-text-editor\" data-id=\"cf5265a\" data-element_type=\"widget\" data-widget_type=\"text-editor.default\">\n\t\t\t\t<div class=\"elementor-widget-container\">\n\t\t\t\t\t<div class=\"elementor-text-editor elementor-clearfix\"><h5>Details zum Workshop &#8220;Von der Idee zum Konzept&#8221;:<\/h5><\/div>\n\t\t\t\t<\/div>\n\t\t\t\t<\/div>\n\t\t\t\t\t\t<\/div>\n\t\t\t\t\t<\/div>\n\t\t<\/div>\n\t\t\t\t\t\t\t\t<\/div>\n\t\t\t\t\t<\/div>\n\t\t<\/section>\n\t\t\t\t<section class=\"elementor-section elementor-top-section elementor-element elementor-element-941ec23 elementor-section-boxed elementor-section-height-default elementor-section-height-default\" data-id=\"941ec23\" data-element_type=\"section\">\n\t\t\t\t\t\t<div class=\"elementor-container elementor-column-gap-default\">\n\t\t\t\t\t\t\t<div class=\"elementor-row\">\n\t\t\t\t\t<div class=\"elementor-column elementor-col-100 elementor-top-column elementor-element elementor-element-cd54c98\" data-id=\"cd54c98\" data-element_type=\"column\">\n\t\t\t<div class=\"elementor-column-wrap elementor-element-populated\">\n\t\t\t\t\t\t\t<div class=\"elementor-widget-wrap\">\n\t\t\t\t\t\t<div class=\"elementor-element elementor-element-45d1567 elementor-arrows-position-inside elementor-pagination-position-outside elementor-widget elementor-widget-image-carousel\" data-id=\"45d1567\" data-element_type=\"widget\" data-settings=\"{&quot;navigation&quot;:&quot;both&quot;,&quot;autoplay&quot;:&quot;yes&quot;,&quot;pause_on_hover&quot;:&quot;yes&quot;,&quot;pause_on_interaction&quot;:&quot;yes&quot;,&quot;autoplay_speed&quot;:5000,&quot;infinite&quot;:&quot;yes&quot;,&quot;speed&quot;:500}\" data-widget_type=\"image-carousel.default\">\n\t\t\t\t<div class=\"elementor-widget-container\">\n\t\t\t\t\t<div class=\"elementor-image-carousel-wrapper swiper-container\" dir=\"ltr\">\n\t\t\t<div class=\"elementor-image-carousel swiper-wrapper\">\n\t\t\t\t<div class=\"swiper-slide\"><a data-elementor-open-lightbox=\"yes\" data-elementor-lightbox-slideshow=\"45d1567\" data-elementor-lightbox-title=\"Konzept_Workshop_Seite_1\" href=\"https:\/\/how-logistics.de\/wp-content\/uploads\/2020\/05\/Konzept_Workshop_Seite_1.jpg\"><figure class=\"swiper-slide-inner\"><img class=\"swiper-slide-image\" src=\"https:\/\/how-logistics.de\/wp-content\/uploads\/2020\/05\/Konzept_Workshop_Seite_1-1024x576.jpg\" alt=\"Konzept_Workshop_Seite_1\" \/><\/figure><\/a><\/div><div class=\"swiper-slide\"><a data-elementor-open-lightbox=\"yes\" data-elementor-lightbox-slideshow=\"45d1567\" data-elementor-lightbox-title=\"Konzept_Workshop_Seite_2\" href=\"https:\/\/how-logistics.de\/wp-content\/uploads\/2020\/05\/Konzept_Workshop_Seite_2.jpg\"><figure class=\"swiper-slide-inner\"><img class=\"swiper-slide-image\" src=\"https:\/\/how-logistics.de\/wp-content\/uploads\/2020\/05\/Konzept_Workshop_Seite_2-1024x576.jpg\" alt=\"Konzept_Workshop_Seite_2\" \/><\/figure><\/a><\/div><div class=\"swiper-slide\"><a data-elementor-open-lightbox=\"yes\" data-elementor-lightbox-slideshow=\"45d1567\" data-elementor-lightbox-title=\"Konzept_Workshop_Seite_3\" href=\"https:\/\/how-logistics.de\/wp-content\/uploads\/2020\/05\/Konzept_Workshop_Seite_3.jpg\"><figure class=\"swiper-slide-inner\"><img class=\"swiper-slide-image\" src=\"https:\/\/how-logistics.de\/wp-content\/uploads\/2020\/05\/Konzept_Workshop_Seite_3-1024x576.jpg\" alt=\"Konzept_Workshop_Seite_3\" \/><\/figure><\/a><\/div><div class=\"swiper-slide\"><a data-elementor-open-lightbox=\"yes\" data-elementor-lightbox-slideshow=\"45d1567\" data-elementor-lightbox-title=\"Konzept_Workshop_Seite_4\" href=\"https:\/\/how-logistics.de\/wp-content\/uploads\/2020\/05\/Konzept_Workshop_Seite_4.jpg\"><figure class=\"swiper-slide-inner\"><img class=\"swiper-slide-image\" src=\"https:\/\/how-logistics.de\/wp-content\/uploads\/2020\/05\/Konzept_Workshop_Seite_4-1024x576.jpg\" alt=\"Konzept_Workshop_Seite_4\" \/><\/figure><\/a><\/div><div class=\"swiper-slide\"><a data-elementor-open-lightbox=\"yes\" data-elementor-lightbox-slideshow=\"45d1567\" data-elementor-lightbox-title=\"Konzept_Workshop_Seite_5\" href=\"https:\/\/how-logistics.de\/wp-content\/uploads\/2020\/05\/Konzept_Workshop_Seite_5.jpg\"><figure class=\"swiper-slide-inner\"><img class=\"swiper-slide-image\" src=\"https:\/\/how-logistics.de\/wp-content\/uploads\/2020\/05\/Konzept_Workshop_Seite_5-1024x576.jpg\" alt=\"Konzept_Workshop_Seite_5\" \/><\/figure><\/a><\/div><div class=\"swiper-slide\"><a data-elementor-open-lightbox=\"yes\" data-elementor-lightbox-slideshow=\"45d1567\" data-elementor-lightbox-title=\"Konzept_Workshop_Seite_6\" href=\"https:\/\/how-logistics.de\/wp-content\/uploads\/2020\/05\/Konzept_Workshop_Seite_6.jpg\"><figure class=\"swiper-slide-inner\"><img class=\"swiper-slide-image\" src=\"https:\/\/how-logistics.de\/wp-content\/uploads\/2020\/05\/Konzept_Workshop_Seite_6-1024x576.jpg\" alt=\"Konzept_Workshop_Seite_6\" \/><\/figure><\/a><\/div><div class=\"swiper-slide\"><a data-elementor-open-lightbox=\"yes\" data-elementor-lightbox-slideshow=\"45d1567\" data-elementor-lightbox-title=\"Konzept_Workshop_Seite_7\" href=\"https:\/\/how-logistics.de\/wp-content\/uploads\/2020\/05\/Konzept_Workshop_Seite_7.jpg\"><figure class=\"swiper-slide-inner\"><img class=\"swiper-slide-image\" src=\"https:\/\/how-logistics.de\/wp-content\/uploads\/2020\/05\/Konzept_Workshop_Seite_7-1024x576.jpg\" alt=\"Konzept_Workshop_Seite_7\" \/><\/figure><\/a><\/div>\t\t\t<\/div>\n\t\t\t\t\t\t\t\t\t\t\t\t<div class=\"swiper-pagination\"><\/div>\n\t\t\t\t\t\t\t\t\t\t\t\t\t<div class=\"elementor-swiper-button elementor-swiper-button-prev\">\n\t\t\t\t\t\t<i class=\"eicon-chevron-left\" aria-hidden=\"true\"><\/i>\n\t\t\t\t\t\t<span class=\"elementor-screen-only\">Zur\u00fcck<\/span>\n\t\t\t\t\t<\/div>\n\t\t\t\t\t<div class=\"elementor-swiper-button elementor-swiper-button-next\">\n\t\t\t\t\t\t<i class=\"eicon-chevron-right\" aria-hidden=\"true\"><\/i>\n\t\t\t\t\t\t<span class=\"elementor-screen-only\">Weiter<\/span>\n\t\t\t\t\t<\/div>\n\t\t\t\t\t\t\t\t\t<\/div>\n\t\t\t\t<\/div>\n\t\t\t\t<\/div>\n\t\t\t\t\t\t<\/div>\n\t\t\t\t\t<\/div>\n\t\t<\/div>\n\t\t\t\t\t\t\t\t<\/div>\n\t\t\t\t\t<\/div>\n\t\t<\/section>\n\t\t\t\t<section class=\"elementor-section elementor-top-section elementor-element elementor-element-34fe151 elementor-section-boxed elementor-section-height-default elementor-section-height-default\" data-id=\"34fe151\" data-element_type=\"section\">\n\t\t\t\t\t\t<div class=\"elementor-container elementor-column-gap-default\">\n\t\t\t\t\t\t\t<div class=\"elementor-row\">\n\t\t\t\t\t<div class=\"elementor-column elementor-col-100 elementor-top-column elementor-element elementor-element-7b7755e\" data-id=\"7b7755e\" data-element_type=\"column\">\n\t\t\t<div class=\"elementor-column-wrap elementor-element-populated\">\n\t\t\t\t\t\t\t<div class=\"elementor-widget-wrap\">\n\t\t\t\t\t\t<div class=\"elementor-element elementor-element-b3ec1a8 elementor-align-center elementor-widget elementor-widget-button\" data-id=\"b3ec1a8\" data-element_type=\"widget\" data-widget_type=\"button.default\">\n\t\t\t\t<div class=\"elementor-widget-container\">\n\t\t\t\t\t<div class=\"elementor-button-wrapper\">\n\t\t\t<a href=\"https:\/\/calendly.com\/thomas-luehrs-termine\/15min\" target=\"_blank\" class=\"elementor-button-link elementor-button elementor-size-md\" role=\"button\">\n\t\t\t\t\t\t<span class=\"elementor-button-content-wrapper\">\n\t\t\t\t\t\t<span class=\"elementor-button-text\">Jetzt einen Termin f\u00fcr ein kostenloses Erstgespr\u00e4ch buchen<\/span>\n\t\t<\/span>\n\t\t\t\t\t<\/a>\n\t\t<\/div>\n\t\t\t\t<\/div>\n\t\t\t\t<\/div>\n\t\t\t\t\t\t<\/div>\n\t\t\t\t\t<\/div>\n\t\t<\/div>\n\t\t\t\t\t\t\t\t<\/div>\n\t\t\t\t\t<\/div>\n\t\t<\/section>\n\t\t\t\t\t\t<\/div>\n\t\t\t\t\t\t<\/div>\n\t\t\t\t\t<\/div>\n\t\t","protected":false},"excerpt":{"rendered":"<p>Training und Mentoring: Ihr neuer Mitarbeiter braucht Unterst\u00fctzung in Fragen zur Logistik? Sie kennen sich gut in Ihrem Tagesgesch\u00e4ft aus, aber f\u00fcr das neue Projekt w\u00fcrden Sie gerne jemanden von au\u00dfen zu Rate ziehen?\u00a0 Durch eine gezielte und kontinuierliche thematische Begleitung im Projekt, quasi als Online-Training-On-The-Job, vermitteln wir nachhaltig Logistikwissen. \u00a0 Unsere Workshop-Angebote: 1. Von [&hellip;]<\/p>\n","protected":false},"author":1,"featured_media":0,"parent":0,"menu_order":3,"comment_status":"closed","ping_status":"closed","template":"templates\/fullwidth.php","meta":[],"_links":{"self":[{"href":"https:\/\/how-logistics.de\/index.php?rest_route=\/wp\/v2\/pages\/254"}],"collection":[{"href":"https:\/\/how-logistics.de\/index.php?rest_route=\/wp\/v2\/pages"}],"about":[{"href":"https:\/\/how-logistics.de\/index.php?rest_route=\/wp\/v2\/types\/page"}],"author":[{"embeddable":true,"href":"https:\/\/how-logistics.de\/index.php?rest_route=\/wp\/v2\/users\/1"}],"replies":[{"embeddable":true,"href":"https:\/\/how-logistics.de\/index.php?rest_route=%2Fwp%2Fv2%2Fcomments&post=254"}],"version-history":[{"count":14,"href":"https:\/\/how-logistics.de\/index.php?rest_route=\/wp\/v2\/pages\/254\/revisions"}],"predecessor-version":[{"id":367,"href":"https:\/\/how-logistics.de\/index.php?rest_route=\/wp\/v2\/pages\/254\/revisions\/367"}],"wp:attachment":[{"href":"https:\/\/how-logistics.de\/index.php?rest_route=%2Fwp%2Fv2%2Fmedia&parent=254"}],"curies":[{"name":"wp","href":"https:\/\/api.w.org\/{rel}","templated":true}]}}